{"id":808,"date":"2020-10-06T15:08:02","date_gmt":"2020-10-06T15:08:02","guid":{"rendered":"http:\/\/newdutchacademy.nl\/new\/?page_id=808"},"modified":"2021-03-03T11:37:38","modified_gmt":"2021-03-03T10:37:38","slug":"press-2","status":"publish","type":"page","link":"https:\/\/newdutchacademy.nl\/index.php\/press-2\/","title":{"rendered":"PRESS"},"content":{"rendered":"\n<p><a href=\"https:\/\/simonmurphyconductor.files.wordpress.com\/2020\/05\/media-release-national-broadcaster-spotlight-murphy-the-water-music-2.pdf\">Media Release<\/a> &#8211; National Broadcaster Spotlight, Murphy &amp; The Water Music, Live from The Concertgebouw <\/p>\n\n\n\n<p><a href=\"https:\/\/simonmurphyconductor.files.wordpress.com\/2020\/05\/media-release-a-musical-journey-1.pdf\" target=\"_blank\" rel=\"noreferrer noopener\">Media Release<\/a> &#8211; A Musical Journey <\/p>\n\n\n\n<p><a rel=\"noreferrer noopener\" href=\"https:\/\/simonmurphyconductor.files.wordpress.com\/2020\/05\/oranje-boven-muziek-van-nederlandse-bodem.pdf\" target=\"_blank\">Media Release<\/a> &#8211; Oranje Boven (in Dutch)  <\/p>\n\n\n\n<p><\/p>\n\n\n\n<h1 class=\"wp-block-heading\">REVIEWS<\/h1>\n\n\n\n<p>\u201csumptuous &#8230; swinging rhythms &#8230; stylish ornamentation &#8230; inventive extemporisation &#8230; a big band playing on period instruments &#8230;\u201d (BBC Music Magazine)<\/p>\n\n\n\n<p>\u201cVibrant, energetic and wonderfully secure playing\u201d (Gramophone)<\/p>\n\n\n\n<p>\u201cdaring and full of character &#8230; fantastic flair &#8230; energising performances\u201d (Haagsche Courant)&nbsp;<\/p>\n\n\n\n<p>\u201eeinem tollen Konzert der New Dutch Academy &#8230; Organisch atmend mit Liebe zum Detail und doch mit gro\u00dfem Bogen kam die Musik von der B\u00fchne. Die Spielfreude der Musiker war ihnen auf die Gesichter geschrieben, sodass es keine Frage war, dass der Schlussapplaus \u00fcberreich ausfallen w\u00fcrde.\u201c (Hessische\/Nieders\u00e4chsische Allgemeine)<\/p>\n\n\n\n<p>&#8220;Packend, spieltechnisch brillant f\u00fchrt die New Dutch Academy durch diesen bislang unbekannten Schaffenskosmos. \u2026 Die unverbraucht spritzig klingende New Dutch Academy legt ein geradezu flammendes Pl\u00e4doyer f\u00fcr diesen bislang untersch\u00e4tzen Meister vor. &#8230; Gleich einer frischen sommerlichen Brise aus Holland \u2026 Sehr zu empfelen!\u201d (Concerto, Deutschland)<\/p>\n\n\n\n<p>\u201cDe NDA deed Mozart een eer aan darmsnaren &#8230; een spetterende Ouverture van Die Zauberfl\u00f6te door de New Dutch Academy onder de enthousiaste leiding van de dirigent Simon Murphy\u201d (Volkskrant)\u201dJongen honden poetsen oude muziek op &#8230; De NDA is een nieuw Nederlandse topensemble \u2026 Het orkest speelt staande, met een frisse vreet-me-maar-op houding &#8230; Mozart\u2019s 31e symfonie en de ouverture Idomeneo kregen zo een geheel nieuwe lading en kloken \u2013 zo met beide voeten in de Mannheimer traditie staand \u2013 frisser en vernieuwender\u201c (Rotterdams Dagblad)<\/p>\n\n\n\n<p>\u201eschon atemberaubend \u2026 Die Verve, das pulsierende Temperament und die gleichzeitig feinsten Finessen \u2026 eine sensationelle Interpretation!\u201c (Concerto)\u201cThe NDA speelt met grote liefde, onstuimige vaart en fantasie \u2026 plezierig, buitengewoon fris, inventief en verrassend\u201d (NRC Handelsblad)<\/p>\n\n\n\n<p>&#8220;Verve und Vitalit\u00e4t \u2026 feiner Klang und sch\u00f6ne Melodief\u00fchrung \u2026&#8221; (General-Anzeiger, Bonn)<\/p>\n","protected":false},"excerpt":{"rendered":"<p>Media Release &#8211; National Broadcaster Spotlight, Murphy &amp; The Water Music, Live from The Concertgebouw Media Release &#8211; A Musical Journey Media Release &#8211; Oranje Boven (in Dutch) REVIEWS \u201csumptuous &#8230; swinging rhythms &#8230; stylish ornamentation &#8230; inventive extemporisation &#8230; a big band playing on period instruments &#8230;\u201d (BBC Music Magazine) \u201cVibrant, energetic and wonderfully [&hellip;]<\/p>\n","protected":false},"author":2,"featured_media":0,"parent":0,"menu_order":0,"comment_status":"closed","ping_status":"closed","template":"","meta":{"footnotes":""},"class_list":{"0":"post-808","1":"page","2":"type-page","3":"status-publish","5":"entry"},"_links":{"self":[{"href":"https:\/\/newdutchacademy.nl\/index.php\/wp-json\/wp\/v2\/pages\/808","targetHints":{"allow":["GET"]}}],"collection":[{"href":"https:\/\/newdutchacademy.nl\/index.php\/wp-json\/wp\/v2\/pages"}],"about":[{"href":"https:\/\/newdutchacademy.nl\/index.php\/wp-json\/wp\/v2\/types\/page"}],"author":[{"embeddable":true,"href":"https:\/\/newdutchacademy.nl\/index.php\/wp-json\/wp\/v2\/users\/2"}],"replies":[{"embeddable":true,"href":"https:\/\/newdutchacademy.nl\/index.php\/wp-json\/wp\/v2\/comments?post=808"}],"version-history":[{"count":9,"href":"https:\/\/newdutchacademy.nl\/index.php\/wp-json\/wp\/v2\/pages\/808\/revisions"}],"predecessor-version":[{"id":1087,"href":"https:\/\/newdutchacademy.nl\/index.php\/wp-json\/wp\/v2\/pages\/808\/revisions\/1087"}],"wp:attachment":[{"href":"https:\/\/newdutchacademy.nl\/index.php\/wp-json\/wp\/v2\/media?parent=808"}],"curies":[{"name":"wp","href":"https:\/\/api.w.org\/{rel}","templated":true}]}}